{"id":4,"date":"2016-09-17T12:07:50","date_gmt":"2016-09-17T12:07:50","guid":{"rendered":"http:\/\/mono.packs.siteorigin.com\/?page_id=4"},"modified":"2023-09-20T10:45:04","modified_gmt":"2023-09-20T08:45:04","slug":"home-page","status":"publish","type":"page","link":"https:\/\/vostapislogo.fr\/","title":{"rendered":"Page d&rsquo;accueil"},"content":{"rendered":"<div id=\"pl-4\"  class=\"panel-layout\" ><div id=\"pg-4-0\"  class=\"panel-grid panel-has-style\" ><div class=\"siteorigin-panels-stretch panel-row-style panel-row-style-for-4-0\" data-stretch-type=\"full-stretched\" ><div id=\"pgc-4-0-0\"  class=\"panel-grid-cell\" ><div id=\"panel-4-0-0-0\" class=\"so-panel widget widget_sow-hero panel-first-child panel-last-child\" data-index=\"0\" ><div\n\t\t\t\n\t\t\tclass=\"so-widget-sow-hero so-widget-sow-hero-default-0f2244f3baf4-4\"\n\t\t\t\n\t\t><div class=\"sow-slider-base\" style=\"display: none\"><ul\n\t\t\t\t\tclass=\"sow-slider-images\"\n\t\t\t\t\tdata-settings=\"{&quot;pagination&quot;:true,&quot;speed&quot;:800,&quot;timeout&quot;:8000,&quot;paused&quot;:false,&quot;pause_on_hover&quot;:false,&quot;swipe&quot;:true,&quot;nav_always_show_desktop&quot;:&quot;&quot;,&quot;nav_always_show_mobile&quot;:&quot;&quot;,&quot;breakpoint&quot;:&quot;780px&quot;,&quot;unmute&quot;:false,&quot;anchor&quot;:null}\"\n\t\t\t\t\t\t\t\t\t\tdata-anchor-id=\"\"\n\t\t\t\t>\t\t<li class=\"sow-slider-image  sow-slider-image-cover\" style=\"background-color: #333333\" >\n\t\t\t\t\t<div class=\"sow-slider-image-container\">\n\t\t\t<div class=\"sow-slider-image-wrapper\">\n\t\t\t\t<h3 style=\"text-align: center\"><img class=\"aligncenter wp-image-50\" src=\"https:\/\/vostapislogo.fr\/wp-content\/uploads\/2022\/09\/Logo-challen-lg-1200-png-1024x320.png\" alt=\"\" width=\"900\" height=\"281\" \/><\/h3>\n<h4 style=\"text-align: center\">Nous personnalisons vos sols<\/h4>\n<h4 style=\"text-align: center\">depuis plus de 2O ans.<\/h4>\n<p style=\"text-align: center\">Retrouvez nos derni\u00e8res r\u00e9alisations sur notre <a href=\"https:\/\/www.facebook.com\/vostapislogo\">FaceBook<\/a> et notre <a href=\"https:\/\/www.instagram.com\/vostapislogo\/\">Instagram<\/a><\/p>\n\t\t\t<\/div>\n\t\t<\/div>\n\t\t<div class=\"sow-slider-image-overlay sow-slider-image-cover\" style=\"background-image: url(https:\/\/vostapislogo.fr\/wp-content\/uploads\/2022\/09\/Photo-site-challen-1280-1040x650.jpg);opacity: 0.5\"  ><\/div>\t\t<\/li>\n\t\t<\/ul>\t\t\t\t<ol class=\"sow-slider-pagination\">\n\t\t\t\t\t\t\t\t\t\t\t<li><a href=\"#\" data-goto=\"0\" aria-label=\"afficher la diapositive 1\"><\/a><\/li>\n\t\t\t\t\t\t\t\t\t<\/ol>\n\n\t\t\t\t<div class=\"sow-slide-nav sow-slide-nav-next\">\n\t\t\t\t\t<a href=\"#\" data-goto=\"next\" aria-label=\"diapositive suivante\" data-action=\"next\">\n\t\t\t\t\t\t<em class=\"sow-sld-icon-thin-right\"><\/em>\n\t\t\t\t\t<\/a>\n\t\t\t\t<\/div>\n\n\t\t\t\t<div class=\"sow-slide-nav sow-slide-nav-prev\">\n\t\t\t\t\t<a href=\"#\" data-goto=\"previous\" aria-label=\"diapositive pr\u00e9c\u00e9dente\" data-action=\"prev\">\n\t\t\t\t\t\t<em class=\"sow-sld-icon-thin-left\"><\/em>\n\t\t\t\t\t<\/a>\n\t\t\t\t<\/div>\n\t\t\t\t<\/div><\/div><\/div><\/div><\/div><\/div><div id=\"pg-4-1\"  class=\"panel-grid panel-has-style\" ><div class=\"siteorigin-panels-stretch panel-row-style panel-row-style-for-4-1\" id=\"services\" data-stretch-type=\"full\" ><div id=\"pgc-4-1-0\"  class=\"panel-grid-cell\" ><div id=\"panel-4-1-0-0\" class=\"so-panel widget widget_sow-headline panel-first-child\" data-index=\"1\" ><div\n\t\t\t\n\t\t\tclass=\"so-widget-sow-headline so-widget-sow-headline-default-41e833ac2d80-4\"\n\t\t\t\n\t\t><div class=\"sow-headline-container \">\n\t<h1 class='sow-headline'>UNE GAMME COMPLETE DE SOLS PERSONNALISES<\/h1>\t\t\t\t\t<div class=\"decoration\">\n\t\t\t\t\t\t<div class=\"decoration-inside\"><\/div>\n\t\t\t\t\t<\/div>\n\t\t\t\t\t<h3 class='sow-sub-headline'>avec nos collections SOLS et TAPIS, nous personnalisons vos sols<\/h3><\/div><\/div><\/div><div id=\"panel-4-1-0-1\" class=\"so-panel widget widget_sow-features panel-last-child\" data-index=\"2\" ><div class=\"panel-widget-style panel-widget-style-for-4-1-0-1\" ><div\n\t\t\t\n\t\t\tclass=\"so-widget-sow-features so-widget-sow-features-default-366376a6ecad-4\"\n\t\t\t\n\t\t>\n<div class=\"sow-features-list sow-features-responsive\">\n\n\t\t\t\t\t\t\t\t\t<div\n\t\t\t\tclass=\"sow-features-feature sow-icon-container-position-top sow-features-feature-last-row\"\n\t\t\t\tstyle=\"display: flex; flex-direction: column; float: left; width: 33.333%;\"\n\t\t\t>\n\t\t\t\n\t\t\t\t\t\t\t\t<div\n\t\t\t\t\tclass=\"sow-icon-container sow-container-none\"\n\t\t\t\t\tstyle=\"color: #404040; \"\n\t\t\t\t\t>\n\t\t\t\t\t<span class=\"sow-icon-elegantline\" data-sow-icon=\"&#xe02b;\"\n\t\tstyle=\"font-size: 54px; color: #333333\" \n\t\taria-hidden=\"true\"><\/span>\t\t\t\t<\/div>\n\t\t\t\t\n\t\t\t\t<div class=\"textwidget\">\n\t\t\t\t\t\n\t\t\t\t\t\t\t\t\t\t\t<h5>\n\t\t\t\t\t\t\t\n\t\t\t\t\t\t\tExpertise\t\t\t\t\t\t\t\t\t\t\t\t\t<\/h5>\n\t\t\t\t\t\n\t\t\t\t\t\t\t\t\t\t\t<p><span class=\"fontstyle0\">Notre expertise et nos conseils vont nous permettre de r\u00e9pondre \u00e0 toutes vos demandes de sols personnalis\u00e9s.\u00a0<\/span><\/p>\n\t\t\t\t\t\n\t\t\t\t\t\t\t\t\t<\/div>\n\t\t\t\t\t\t\t\t\n\t\t\t\t\t\t\t<\/div>\n\n\t\t\t\t\t\t\t\t<div\n\t\t\t\tclass=\"sow-features-feature sow-icon-container-position-top sow-features-feature-last-row\"\n\t\t\t\tstyle=\"display: flex; flex-direction: column; float: left; width: 33.333%;\"\n\t\t\t>\n\t\t\t\n\t\t\t\t\t\t\t\t<div\n\t\t\t\t\tclass=\"sow-icon-container sow-container-none\"\n\t\t\t\t\tstyle=\"color: #404040; \"\n\t\t\t\t\t>\n\t\t\t\t\t<span class=\"sow-icon-elegantline\" data-sow-icon=\"&#xe033;\"\n\t\tstyle=\"font-size: 54px; color: #333333\" \n\t\taria-hidden=\"true\"><\/span>\t\t\t\t<\/div>\n\t\t\t\t\n\t\t\t\t<div class=\"textwidget\">\n\t\t\t\t\t\n\t\t\t\t\t\t\t\t\t\t\t<h5>\n\t\t\t\t\t\t\t\n\t\t\t\t\t\t\tDevis rapide\t\t\t\t\t\t\t\t\t\t\t\t\t<\/h5>\n\t\t\t\t\t\n\t\t\t\t\t\t\t\t\t\t\t<p>Contactez nous d\u00e8s maintenant pour obtenir un devis rapide<\/p>\n\t\t\t\t\t\n\t\t\t\t\t\t\t\t\t<\/div>\n\t\t\t\t\t\t\t\t\n\t\t\t\t\t\t\t<\/div>\n\n\t\t\t\t\t\t\t\t<div\n\t\t\t\tclass=\"sow-features-feature sow-icon-container-position-top sow-features-feature-last-row\"\n\t\t\t\tstyle=\"display: flex; flex-direction: column; float: left; width: 33.333%;\"\n\t\t\t>\n\t\t\t\n\t\t\t\t\t\t\t\t<div\n\t\t\t\t\tclass=\"sow-icon-container sow-container-none\"\n\t\t\t\t\tstyle=\"color: #404040; \"\n\t\t\t\t\t>\n\t\t\t\t\t<span class=\"sow-icon-elegantline\" data-sow-icon=\"&#xe023;\"\n\t\tstyle=\"font-size: 54px; color: #333333\" \n\t\taria-hidden=\"true\"><\/span>\t\t\t\t<\/div>\n\t\t\t\t\n\t\t\t\t<div class=\"textwidget\">\n\t\t\t\t\t\n\t\t\t\t\t\t\t\t\t\t\t<h5>\n\t\t\t\t\t\t\t\n\t\t\t\t\t\t\tPose\t\t\t\t\t\t\t\t\t\t\t\t\t<\/h5>\n\t\t\t\t\t\n\t\t\t\t\t\t\t\t\t\t\t<p>B\u00e9n\u00e9ficiez de l'exp\u00e9rience de notre service Pose<\/p>\n\t\t\t\t\t\n\t\t\t\t\t\t\t\t\t<\/div>\n\t\t\t\t\t\t\t\t\n\t\t\t\t\t\t\t<\/div>\n\n\t\t\t\n<\/div>\n<\/div><\/div><\/div><\/div><\/div><\/div><div id=\"pg-4-2\"  class=\"panel-grid panel-has-style\" ><div class=\"siteorigin-panels-stretch panel-row-style panel-row-style-for-4-2\" id=\"produits\" data-stretch-type=\"full-stretched\" ><div id=\"pgc-4-2-0\"  class=\"panel-grid-cell\" ><div id=\"panel-4-2-0-0\" class=\"so-panel widget widget_sow-image panel-first-child\" data-index=\"3\" ><div\n\t\t\t\n\t\t\tclass=\"so-widget-sow-image so-widget-sow-image-default-d6014b76747a-4\"\n\t\t\t\n\t\t>\n\n<div class=\"sow-image-container\">\n\t\t<img src=\"https:\/\/vostapislogo.fr\/wp-content\/uploads\/2022\/09\/Tapis-in-ext.jpg\" width=\"500\" height=\"500\" srcset=\"https:\/\/vostapislogo.fr\/wp-content\/uploads\/2022\/09\/Tapis-in-ext.jpg 500w, https:\/\/vostapislogo.fr\/wp-content\/uploads\/2022\/09\/Tapis-in-ext-300x300.jpg 300w, https:\/\/vostapislogo.fr\/wp-content\/uploads\/2022\/09\/Tapis-in-ext-150x150.jpg 150w\" sizes=\"(max-width: 500px) 100vw, 500px\" alt=\"\" loading=\"lazy\" \t\tclass=\"so-widget-image\"\/>\n\t<\/div>\n\n<\/div><\/div><div id=\"panel-4-2-0-1\" class=\"so-panel widget widget_sow-editor\" data-index=\"4\" ><div class=\"panel-widget-style panel-widget-style-for-4-2-0-1\" ><div\n\t\t\t\n\t\t\tclass=\"so-widget-sow-editor so-widget-sow-editor-base\"\n\t\t\t\n\t\t>\n<div class=\"siteorigin-widget-tinymce textwidget\">\n\t<h3 class=\"q_team_name\" style=\"text-align: center;\">TAPIS INTERIEUR et EXTERIEUR<\/h3>\n<\/div>\n<\/div><\/div><\/div><div id=\"panel-4-2-0-2\" class=\"so-panel widget widget_sow-image\" data-index=\"5\" ><div\n\t\t\t\n\t\t\tclass=\"so-widget-sow-image so-widget-sow-image-default-d6014b76747a-4\"\n\t\t\t\n\t\t>\n\n<div class=\"sow-image-container\">\n\t\t<img src=\"https:\/\/vostapislogo.fr\/wp-content\/uploads\/2022\/09\/Moquette.jpg\" width=\"500\" height=\"500\" srcset=\"https:\/\/vostapislogo.fr\/wp-content\/uploads\/2022\/09\/Moquette.jpg 500w, https:\/\/vostapislogo.fr\/wp-content\/uploads\/2022\/09\/Moquette-300x300.jpg 300w, https:\/\/vostapislogo.fr\/wp-content\/uploads\/2022\/09\/Moquette-150x150.jpg 150w\" sizes=\"(max-width: 500px) 100vw, 500px\" alt=\"\" loading=\"lazy\" \t\tclass=\"so-widget-image\"\/>\n\t<\/div>\n\n<\/div><\/div><div id=\"panel-4-2-0-3\" class=\"so-panel widget widget_sow-editor panel-last-child\" data-index=\"6\" ><div class=\"panel-widget-style panel-widget-style-for-4-2-0-3\" ><div\n\t\t\t\n\t\t\tclass=\"so-widget-sow-editor so-widget-sow-editor-base\"\n\t\t\t\n\t\t>\n<div class=\"siteorigin-widget-tinymce textwidget\">\n\t<h3 class=\"q_team_name\" style=\"text-align: center;\">TAPIS et MOQUETTE PUBLICITAIRE<\/h3>\n<\/div>\n<\/div><\/div><\/div><\/div><div id=\"pgc-4-2-1\"  class=\"panel-grid-cell\" ><div id=\"panel-4-2-1-0\" class=\"so-panel widget widget_sow-image panel-first-child\" data-index=\"7\" ><div\n\t\t\t\n\t\t\tclass=\"so-widget-sow-image so-widget-sow-image-default-d6014b76747a-4\"\n\t\t\t\n\t\t>\n\n<div class=\"sow-image-container\">\n\t\t<img src=\"https:\/\/vostapislogo.fr\/wp-content\/uploads\/2022\/09\/Tapis-Asor.jpg\" width=\"500\" height=\"500\" srcset=\"https:\/\/vostapislogo.fr\/wp-content\/uploads\/2022\/09\/Tapis-Asor.jpg 500w, https:\/\/vostapislogo.fr\/wp-content\/uploads\/2022\/09\/Tapis-Asor-300x300.jpg 300w, https:\/\/vostapislogo.fr\/wp-content\/uploads\/2022\/09\/Tapis-Asor-150x150.jpg 150w\" sizes=\"(max-width: 500px) 100vw, 500px\" alt=\"\" loading=\"lazy\" \t\tclass=\"so-widget-image\"\/>\n\t<\/div>\n\n<\/div><\/div><div id=\"panel-4-2-1-1\" class=\"so-panel widget widget_sow-editor\" data-index=\"8\" ><div class=\"panel-widget-style panel-widget-style-for-4-2-1-1\" ><div\n\t\t\t\n\t\t\tclass=\"so-widget-sow-editor so-widget-sow-editor-base\"\n\t\t\t\n\t\t>\n<div class=\"siteorigin-widget-tinymce textwidget\">\n\t<h3 class=\"q_team_name\" style=\"text-align: center;\">TAPIS ABSORBANTS<\/h3>\n<\/div>\n<\/div><\/div><\/div><div id=\"panel-4-2-1-2\" class=\"so-panel widget widget_sow-image\" data-index=\"9\" ><div\n\t\t\t\n\t\t\tclass=\"so-widget-sow-image so-widget-sow-image-default-d6014b76747a-4\"\n\t\t\t\n\t\t>\n\n<div class=\"sow-image-container\">\n\t\t<img src=\"https:\/\/vostapislogo.fr\/wp-content\/uploads\/2022\/09\/sols-pvc.jpg\" width=\"500\" height=\"500\" srcset=\"https:\/\/vostapislogo.fr\/wp-content\/uploads\/2022\/09\/sols-pvc.jpg 500w, https:\/\/vostapislogo.fr\/wp-content\/uploads\/2022\/09\/sols-pvc-300x300.jpg 300w, https:\/\/vostapislogo.fr\/wp-content\/uploads\/2022\/09\/sols-pvc-150x150.jpg 150w\" sizes=\"(max-width: 500px) 100vw, 500px\" alt=\"\" loading=\"lazy\" \t\tclass=\"so-widget-image\"\/>\n\t<\/div>\n\n<\/div><\/div><div id=\"panel-4-2-1-3\" class=\"so-panel widget widget_sow-editor panel-last-child\" data-index=\"10\" ><div class=\"panel-widget-style panel-widget-style-for-4-2-1-3\" ><div\n\t\t\t\n\t\t\tclass=\"so-widget-sow-editor so-widget-sow-editor-base\"\n\t\t\t\n\t\t>\n<div class=\"siteorigin-widget-tinymce textwidget\">\n\t<h3 class=\"q_team_name\" style=\"text-align: center;\">SOLS PVC<\/h3>\n<\/div>\n<\/div><\/div><\/div><\/div><div id=\"pgc-4-2-2\"  class=\"panel-grid-cell\" ><div id=\"panel-4-2-2-0\" class=\"so-panel widget widget_sow-image panel-first-child\" data-index=\"11\" ><div\n\t\t\t\n\t\t\tclass=\"so-widget-sow-image so-widget-sow-image-default-d6014b76747a-4\"\n\t\t\t\n\t\t>\n\n<div class=\"sow-image-container\">\n\t\t<img src=\"https:\/\/vostapislogo.fr\/wp-content\/uploads\/2022\/09\/Parquet.jpg\" width=\"500\" height=\"500\" srcset=\"https:\/\/vostapislogo.fr\/wp-content\/uploads\/2022\/09\/Parquet.jpg 500w, https:\/\/vostapislogo.fr\/wp-content\/uploads\/2022\/09\/Parquet-300x300.jpg 300w, https:\/\/vostapislogo.fr\/wp-content\/uploads\/2022\/09\/Parquet-150x150.jpg 150w\" sizes=\"(max-width: 500px) 100vw, 500px\" alt=\"\" loading=\"lazy\" \t\tclass=\"so-widget-image\"\/>\n\t<\/div>\n\n<\/div><\/div><div id=\"panel-4-2-2-1\" class=\"so-panel widget widget_sow-editor\" data-index=\"12\" ><div class=\"panel-widget-style panel-widget-style-for-4-2-2-1\" ><div\n\t\t\t\n\t\t\tclass=\"so-widget-sow-editor so-widget-sow-editor-base\"\n\t\t\t\n\t\t>\n<div class=\"siteorigin-widget-tinymce textwidget\">\n\t<h3 class=\"q_team_name\" style=\"text-align: center;\">PARQUET<\/h3>\n<\/div>\n<\/div><\/div><\/div><div id=\"panel-4-2-2-2\" class=\"so-panel widget widget_sow-image\" data-index=\"13\" ><div\n\t\t\t\n\t\t\tclass=\"so-widget-sow-image so-widget-sow-image-default-d6014b76747a-4\"\n\t\t\t\n\t\t>\n\n<div class=\"sow-image-container\">\n\t\t<img src=\"https:\/\/vostapislogo.fr\/wp-content\/uploads\/2022\/09\/Gazon.jpg\" width=\"500\" height=\"500\" srcset=\"https:\/\/vostapislogo.fr\/wp-content\/uploads\/2022\/09\/Gazon.jpg 500w, https:\/\/vostapislogo.fr\/wp-content\/uploads\/2022\/09\/Gazon-300x300.jpg 300w, https:\/\/vostapislogo.fr\/wp-content\/uploads\/2022\/09\/Gazon-150x150.jpg 150w\" sizes=\"(max-width: 500px) 100vw, 500px\" alt=\"\" loading=\"lazy\" \t\tclass=\"so-widget-image\"\/>\n\t<\/div>\n\n<\/div><\/div><div id=\"panel-4-2-2-3\" class=\"so-panel widget widget_sow-editor panel-last-child\" data-index=\"14\" ><div class=\"panel-widget-style panel-widget-style-for-4-2-2-3\" ><div\n\t\t\t\n\t\t\tclass=\"so-widget-sow-editor so-widget-sow-editor-base\"\n\t\t\t\n\t\t>\n<div class=\"siteorigin-widget-tinymce textwidget\">\n\t<h3 class=\"q_team_name\" style=\"text-align: center;\">GAZON SYNTHETIQUE<\/h3>\n<\/div>\n<\/div><\/div><\/div><\/div><div id=\"pgc-4-2-3\"  class=\"panel-grid-cell\" ><div id=\"panel-4-2-3-0\" class=\"so-panel widget widget_sow-image panel-first-child\" data-index=\"15\" ><div\n\t\t\t\n\t\t\tclass=\"so-widget-sow-image so-widget-sow-image-default-d6014b76747a-4\"\n\t\t\t\n\t\t>\n\n<div class=\"sow-image-container\">\n\t\t<img src=\"https:\/\/vostapislogo.fr\/wp-content\/uploads\/2022\/09\/Moquette-classe.jpg\" width=\"500\" height=\"500\" srcset=\"https:\/\/vostapislogo.fr\/wp-content\/uploads\/2022\/09\/Moquette-classe.jpg 500w, https:\/\/vostapislogo.fr\/wp-content\/uploads\/2022\/09\/Moquette-classe-300x300.jpg 300w, https:\/\/vostapislogo.fr\/wp-content\/uploads\/2022\/09\/Moquette-classe-150x150.jpg 150w\" sizes=\"(max-width: 500px) 100vw, 500px\" alt=\"\" loading=\"lazy\" \t\tclass=\"so-widget-image\"\/>\n\t<\/div>\n\n<\/div><\/div><div id=\"panel-4-2-3-1\" class=\"so-panel widget widget_sow-editor\" data-index=\"16\" ><div class=\"panel-widget-style panel-widget-style-for-4-2-3-1\" ><div\n\t\t\t\n\t\t\tclass=\"so-widget-sow-editor so-widget-sow-editor-base\"\n\t\t\t\n\t\t>\n<div class=\"siteorigin-widget-tinymce textwidget\">\n\t<h3 class=\"q_team_name\" style=\"text-align: center;\">MOQUETTE<\/h3>\n<\/div>\n<\/div><\/div><\/div><div id=\"panel-4-2-3-2\" class=\"so-panel widget widget_sow-image\" data-index=\"17\" ><div\n\t\t\t\n\t\t\tclass=\"so-widget-sow-image so-widget-sow-image-default-d6014b76747a-4\"\n\t\t\t\n\t\t>\n\n<div class=\"sow-image-container\">\n\t\t<img src=\"https:\/\/vostapislogo.fr\/wp-content\/uploads\/2022\/09\/haies.jpg\" width=\"500\" height=\"500\" srcset=\"https:\/\/vostapislogo.fr\/wp-content\/uploads\/2022\/09\/haies.jpg 500w, https:\/\/vostapislogo.fr\/wp-content\/uploads\/2022\/09\/haies-300x300.jpg 300w, https:\/\/vostapislogo.fr\/wp-content\/uploads\/2022\/09\/haies-150x150.jpg 150w\" sizes=\"(max-width: 500px) 100vw, 500px\" alt=\"\" loading=\"lazy\" \t\tclass=\"so-widget-image\"\/>\n\t<\/div>\n\n<\/div><\/div><div id=\"panel-4-2-3-3\" class=\"so-panel widget widget_sow-editor panel-last-child\" data-index=\"18\" ><div class=\"panel-widget-style panel-widget-style-for-4-2-3-3\" ><div\n\t\t\t\n\t\t\tclass=\"so-widget-sow-editor so-widget-sow-editor-base\"\n\t\t\t\n\t\t>\n<div class=\"siteorigin-widget-tinymce textwidget\">\n\t<h3 class=\"q_team_name\" style=\"text-align: center;\">HAIES ARTIFICIELLES<\/h3>\n<\/div>\n<\/div><\/div><\/div><\/div><\/div><\/div><div id=\"pg-4-3\"  class=\"panel-grid panel-has-style\" ><div class=\"siteorigin-panels-stretch panel-row-style panel-row-style-for-4-3\" id=\"team\" data-stretch-type=\"full\" ><div id=\"pgc-4-3-0\"  class=\"panel-grid-cell\" ><div id=\"panel-4-3-0-0\" class=\"so-panel widget widget_sow-headline panel-first-child panel-last-child\" data-index=\"19\" ><div\n\t\t\t\n\t\t\tclass=\"so-widget-sow-headline so-widget-sow-headline-default-41e833ac2d80-4\"\n\t\t\t\n\t\t><div class=\"sow-headline-container \">\n\t<h1 class='sow-headline'>Notre \u00e9quipe<\/h1>\t\t\t\t\t<div class=\"decoration\">\n\t\t\t\t\t\t<div class=\"decoration-inside\"><\/div>\n\t\t\t\t\t<\/div>\n\t\t\t\t\t<h3 class='sow-sub-headline'>Devis, conseils, supervision du chantier : le m\u00eame interlocuteur vous accompagne du d\u00e9but \u00e0 la fin. Notre structure \u00e0 \u00e9chelle humaine nous permet d\u2019\u00eatre r\u00e9actifs et de porter une attention particuli\u00e8re \u00e0 chaque projet.<\/h3><\/div><\/div><\/div><\/div><\/div><\/div><div id=\"pg-4-4\"  class=\"panel-grid panel-has-style\" ><div class=\"so-parallax siteorigin-panels-stretch panel-row-style panel-row-style-for-4-4\" data-stretch-type=\"full-stretched\" ><img width=\"1280\" height=\"853\" src=\"https:\/\/vostapislogo.fr\/wp-content\/uploads\/2016\/09\/ruler-1246653_1280.jpg\" class=\"attachment-full size-full\" alt=\"\" decoding=\"async\" loading=\"eager\" data-siteorigin-parallax=\"true\" srcset=\"https:\/\/vostapislogo.fr\/wp-content\/uploads\/2016\/09\/ruler-1246653_1280.jpg 1280w, https:\/\/vostapislogo.fr\/wp-content\/uploads\/2016\/09\/ruler-1246653_1280-300x200.jpg 300w, https:\/\/vostapislogo.fr\/wp-content\/uploads\/2016\/09\/ruler-1246653_1280-1024x682.jpg 1024w, https:\/\/vostapislogo.fr\/wp-content\/uploads\/2016\/09\/ruler-1246653_1280-768x512.jpg 768w, https:\/\/vostapislogo.fr\/wp-content\/uploads\/2016\/09\/ruler-1246653_1280-650x433.jpg 650w, https:\/\/vostapislogo.fr\/wp-content\/uploads\/2016\/09\/ruler-1246653_1280-272x182.jpg 272w\" sizes=\"(max-width: 1280px) 100vw, 1280px\" \/><div id=\"pgc-4-4-0\"  class=\"panel-grid-cell panel-grid-cell-empty\" ><\/div><\/div><\/div><div id=\"pg-4-5\"  class=\"panel-grid panel-has-style\" ><div class=\"siteorigin-panels-stretch panel-row-style panel-row-style-for-4-5\" id=\"work\" data-stretch-type=\"full\" ><div id=\"pgc-4-5-0\"  class=\"panel-grid-cell panel-grid-cell-empty\" ><\/div><\/div><\/div><div id=\"pg-4-6\"  class=\"panel-grid panel-has-style\" ><div class=\"siteorigin-panels-stretch panel-row-style panel-row-style-for-4-6\" data-stretch-type=\"full-stretched\" ><div id=\"pgc-4-6-0\"  class=\"panel-grid-cell panel-grid-cell-empty\" ><\/div><div id=\"pgc-4-6-1\"  class=\"panel-grid-cell panel-grid-cell-empty\" ><\/div><div id=\"pgc-4-6-2\"  class=\"panel-grid-cell panel-grid-cell-empty\" ><\/div><div id=\"pgc-4-6-3\"  class=\"panel-grid-cell panel-grid-cell-empty panel-grid-cell-mobile-last\" ><\/div><div id=\"pgc-4-6-4\"  class=\"panel-grid-cell panel-grid-cell-empty\" ><\/div><\/div><\/div><div id=\"pg-4-7\"  class=\"panel-grid panel-has-style\" ><div class=\"siteorigin-panels-stretch panel-row-style panel-row-style-for-4-7\" id=\"clients\" data-stretch-type=\"full\" ><div id=\"pgc-4-7-0\"  class=\"panel-grid-cell panel-grid-cell-empty\" ><\/div><\/div><\/div><div id=\"pg-4-8\"  class=\"panel-grid panel-has-style\" ><div class=\"siteorigin-panels-stretch panel-row-style panel-row-style-for-4-8\" id=\"contact\" data-stretch-type=\"full\" ><div id=\"pgc-4-8-0\"  class=\"panel-grid-cell\" ><div id=\"panel-4-8-0-0\" class=\"so-panel widget widget_sow-headline panel-first-child panel-last-child\" data-index=\"20\" ><div\n\t\t\t\n\t\t\tclass=\"so-widget-sow-headline so-widget-sow-headline-default-41e833ac2d80-4\"\n\t\t\t\n\t\t><div class=\"sow-headline-container \">\n\t<h1 class='sow-headline'>Contactez nous<\/h1>\t\t\t\t\t<div class=\"decoration\">\n\t\t\t\t\t\t<div class=\"decoration-inside\"><\/div>\n\t\t\t\t\t<\/div>\n\t\t\t\t\t<h3 class='sow-sub-headline'>N'h\u00e9sitez plus et faites nous part de votre projet.<\/h3><\/div><\/div><\/div><\/div><\/div><\/div><div id=\"pg-4-9\"  class=\"panel-grid panel-has-style\" ><div class=\"siteorigin-panels-stretch panel-row-style panel-row-style-for-4-9\" id=\"contact-2\" data-stretch-type=\"full\" ><div id=\"pgc-4-9-0\"  class=\"panel-grid-cell\" ><div id=\"panel-4-9-0-0\" class=\"so-panel widget widget_sow-editor panel-first-child panel-last-child\" data-index=\"21\" ><div class=\"panel-widget-style panel-widget-style-for-4-9-0-0\" ><div\n\t\t\t\n\t\t\tclass=\"so-widget-sow-editor so-widget-sow-editor-base\"\n\t\t\t\n\t\t><h3 class=\"widget-title\">NOS BUREAUX<\/h3>\n<div class=\"siteorigin-widget-tinymce textwidget\">\n\t<p><span class=\"fontstyle0\">599 chemin des Pr\u00e8s<br \/>\n<\/span>06140 BIOT<\/p>\n<p><span class=\"fontstyle0\">T. +33 4 93 95 15 20<br \/>\nF. +33 4 93 95 15 40<\/span><\/p>\n<\/div>\n<\/div><\/div><\/div><\/div><div id=\"pgc-4-9-1\"  class=\"panel-grid-cell\" ><div id=\"panel-4-9-1-0\" class=\"so-panel widget widget_sow-contact-form panel-first-child panel-last-child\" data-index=\"22\" ><div\n\t\t\t\n\t\t\tclass=\"so-widget-sow-contact-form so-widget-sow-contact-form-default-d4b64a7d165a-4\"\n\t\t\t\n\t\t><h3 class=\"widget-title\">MESSAGE<\/h3>\t<form action=\"#contact-form-7396\"\n\t\tmethod=\"POST\" class=\"sow-contact-form\" id=\"contact-form-7396\">\n\n\t\t\n\t\t            <div class=\"sow-form-field sow-form-field-name\"><label class=\"sow-form-field-label-above\" for=\"sow-contact-form-field-nom-57cc5d11c5ace\">\n\t\t\t\t<strong>\n\t\t\t\t\tNom\t\t\t\t\t\t\t\t\t<\/strong>\n\t\t\t<\/label>\n\t\t\t<span class=\"sow-field-container\">\t\t<input\n\t\t\ttype=\"text\"\n\t\t\tname=\"nom-57cc5d11c5ace\"\n\t\t\tid=\"sow-contact-form-field-nom-57cc5d11c5ace\"\n\t\t\tvalue=\"\"\n\t\t\tclass=\"sow-text-field\"\n\t\t\t\t\t\/>\n\t\t<\/span><\/div>            <div class=\"sow-form-field sow-form-field-email\"><label class=\"sow-form-field-label-above\" for=\"sow-contact-form-field-votre-mail-57cc5d11c5ace\">\n\t\t\t\t<strong>\n\t\t\t\t\tVotre mail\t\t\t\t\t\t\t\t\t<\/strong>\n\t\t\t<\/label>\n\t\t\t<span class=\"sow-field-container\">\t\t<input\n\t\t\ttype=\"email\"\n\t\t\tname=\"votre-mail-57cc5d11c5ace\"\n\t\t\tid=\"sow-contact-form-field-votre-mail-57cc5d11c5ace\"\n\t\t\tvalue=\"\"\n\t\t\tclass=\"sow-text-field\"\t\t\t\t\t\/>\n\t\t<\/span><\/div>            <div class=\"sow-form-field sow-form-field-subject\"><label class=\"sow-form-field-label-above\" for=\"sow-contact-form-field-sujet-57cc5d11c5ace\">\n\t\t\t\t<strong>\n\t\t\t\t\tSujet\t\t\t\t\t\t\t\t\t<\/strong>\n\t\t\t<\/label>\n\t\t\t<span class=\"sow-field-container\">\t\t<input\n\t\t\ttype=\"text\"\n\t\t\tname=\"sujet-57cc5d11c5ace\"\n\t\t\tid=\"sow-contact-form-field-sujet-57cc5d11c5ace\"\n\t\t\tvalue=\"\"\n\t\t\tclass=\"sow-text-field\"\n\t\t\t\t\t\t\t\t\/>\n\t\t<\/span><\/div>            <div class=\"sow-form-field sow-form-field-textarea\"><label class=\"sow-form-field-label-above\" for=\"sow-contact-form-field-message-57cc5d11c5ace\">\n\t\t\t\t<strong>\n\t\t\t\t\tMessage\t\t\t\t\t\t\t\t\t<\/strong>\n\t\t\t<\/label>\n\t\t\t<span class=\"sow-field-container\">\t\t<textarea\n\t\t\tname=\"message-57cc5d11c5ace\"\n\t\t\tid=\"sow-contact-form-field-message-57cc5d11c5ace\"\n\t\t\trows=\"10\"\n\t\t\t\t\t\t\t\t><\/textarea>\n\t\t<\/span><\/div>\t\t<input type=\"hidden\" name=\"instance_hash\" value=\"73966128a54fda6453d045f39fcf8ad8\" \/>\n\t\t<input type=\"hidden\" id=\"_wpnonce\" name=\"_wpnonce\" value=\"3db9eb44df\" \/><input type=\"hidden\" name=\"_wp_http_referer\" value=\"\/index.php?rest_route=%2Fwp%2Fv2%2Fpages%2F4\" \/>\n\t\t\t\t\t<div class=\"sow-recaptcha\"\n\t\t\t\t\t\t\t\t\tdata-config=\"{&quot;sitekey&quot;:&quot;6LeP4GYkAAAAAAQjTc1ww1_6unxfebAlt78pvhLu&quot;,&quot;theme&quot;:&quot;light&quot;,&quot;type&quot;:&quot;image&quot;,&quot;size&quot;:&quot;normal&quot;}\"\n\t\t\t\t\t\t\t><\/div>\n\t\t\n\t\t\t\t<div class=\"sow-submit-wrapper sow-submit-styled\">\n\n\t\t<button class=\"sow-submit\"\n\t\t\t\t\t\t\t\t>\n\t\t\tContact Us\t\t<\/button>\n\n\t\t<\/div>\n\t<\/form>\n\t<\/div><\/div><\/div><\/div><\/div><\/div>","protected":false},"excerpt":{"rendered":"<p>Nous personnalisons vos sols depuis plus de 2O ans. Retrouvez nos derni\u00e8res r\u00e9alisations sur notre FaceBook et notre Instagram UNE GAMME COMPLETE DE SOLS PERSONNALISES avec nos collections SOLS et TAPIS, nous personnalisons vos sols Expertise Notre expertise et nos conseils vont nous permettre de r\u00e9pondre \u00e0 toutes vos demandes de sols personnalis\u00e9s.\u00a0 Devis rapide [&hellip;]<\/p>\n","protected":false},"author":1,"featured_media":0,"parent":0,"menu_order":0,"comment_status":"closed","ping_status":"closed","template":"","meta":[],"_links":{"self":[{"href":"https:\/\/vostapislogo.fr\/index.php?rest_route=\/wp\/v2\/pages\/4"}],"collection":[{"href":"https:\/\/vostapislogo.fr\/index.php?rest_route=\/wp\/v2\/pages"}],"about":[{"href":"https:\/\/vostapislogo.fr\/index.php?rest_route=\/wp\/v2\/types\/page"}],"author":[{"embeddable":true,"href":"https:\/\/vostapislogo.fr\/index.php?rest_route=\/wp\/v2\/users\/1"}],"replies":[{"embeddable":true,"href":"https:\/\/vostapislogo.fr\/index.php?rest_route=%2Fwp%2Fv2%2Fcomments&post=4"}],"version-history":[{"count":85,"href":"https:\/\/vostapislogo.fr\/index.php?rest_route=\/wp\/v2\/pages\/4\/revisions"}],"predecessor-version":[{"id":36,"href":"https:\/\/vostapislogo.fr\/index.php?rest_route=\/wp\/v2\/pages\/4\/revisions\/36"}],"wp:attachment":[{"href":"https:\/\/vostapislogo.fr\/index.php?rest_route=%2Fwp%2Fv2%2Fmedia&parent=4"}],"curies":[{"name":"wp","href":"https:\/\/api.w.org\/{rel}","templated":true}]}}